{"id":39,"date":"2026-03-18T08:27:33","date_gmt":"2026-03-18T08:27:33","guid":{"rendered":"https:\/\/glendasburelin.com\/?page_id=39"},"modified":"2026-03-28T09:12:04","modified_gmt":"2026-03-28T09:12:04","slug":"chi-sono","status":"publish","type":"page","link":"https:\/\/glendasburelin.com\/index.php\/chi-sono\/","title":{"rendered":"Chi sono"},"content":{"rendered":"\n<div class=\"wp-block-columns alignwide fade has-background is-layout-flex wp-container-core-columns-is-layout-28f84493 wp-block-columns-is-layout-flex\" style=\"background-color:#86cc4961\">\n<div class=\"wp-block-column is-layout-flow wp-block-column-is-layout-flow\" style=\"flex-basis:33.33%\">\n<figure class=\"wp-block-image size-large\"><img loading=\"lazy\" decoding=\"async\" width=\"862\" height=\"1024\" src=\"https:\/\/glendasburelin.com\/wp-content\/uploads\/2026\/03\/Glenda_Sburelin_fotoBN_bassa-862x1024.jpg\" alt=\"\" class=\"wp-image-74\" srcset=\"https:\/\/glendasburelin.com\/wp-content\/uploads\/2026\/03\/Glenda_Sburelin_fotoBN_bassa-862x1024.jpg 862w, https:\/\/glendasburelin.com\/wp-content\/uploads\/2026\/03\/Glenda_Sburelin_fotoBN_bassa-252x300.jpg 252w, https:\/\/glendasburelin.com\/wp-content\/uploads\/2026\/03\/Glenda_Sburelin_fotoBN_bassa-768x913.jpg 768w, https:\/\/glendasburelin.com\/wp-content\/uploads\/2026\/03\/Glenda_Sburelin_fotoBN_bassa-1292x1536.jpg 1292w, https:\/\/glendasburelin.com\/wp-content\/uploads\/2026\/03\/Glenda_Sburelin_fotoBN_bassa-1723x2048.jpg 1723w\" sizes=\"auto, (max-width: 862px) 100vw, 862px\" \/><\/figure>\n<\/div>\n\n\n\n<div class=\"wp-block-column is-layout-flow wp-block-column-is-layout-flow\" style=\"flex-basis:66.66%\">\n<div class=\"wp-block-cover is-light\" style=\"min-height:326px;aspect-ratio:unset;\"><span aria-hidden=\"true\" class=\"wp-block-cover__background has-background-dim-0 has-background-dim\"><\/span><div class=\"wp-block-cover__inner-container is-layout-flow wp-block-cover-is-layout-flow\">\n<div class=\"wp-block-group is-vertical is-content-justification-center is-layout-flex wp-container-core-group-is-layout-81423f52 wp-block-group-is-layout-flex\">\n<p class=\"has-text-align-center\" style=\"font-size:clamp(18.959px, 1.185rem + ((1vw - 3.2px) * 1.127), 30px);\">Il mio lavoro nasce da un lungo percorso di esplorazione del linguaggio visivo. L&#8217;osservazione della Natura \u00e8 per me grande fonte d&#8217;ispirazione, con le sue forme straordinarie e perfette, i colori, le luci e le ombre. Da essa ho imparato a gestire la composizione, gli accordi cromatici e l&#8217;armonia dell&#8217;insieme.<\/p>\n\n\n\n<p class=\"has-text-align-center\" style=\"font-size:clamp(18.959px, 1.185rem + ((1vw - 3.2px) * 1.127), 30px);\">Sono illustratrice di libri per bambini e ragazzi, immagini editoriali, pattern design, con sede in Italia.<\/p>\n<\/div>\n<\/div><\/div>\n\n\n\n<figure class=\"wp-block-image aligncenter size-full is-resized fade reveal-skew\" style=\"margin-top:0;margin-right:0;margin-bottom:0;margin-left:0\"><img loading=\"lazy\" decoding=\"async\" width=\"1000\" height=\"1000\" src=\"https:\/\/glendasburelin.com\/wp-content\/uploads\/2026\/03\/fiore.png\" alt=\"\" class=\"wp-image-177\" style=\"width:136px;height:auto\" srcset=\"https:\/\/glendasburelin.com\/wp-content\/uploads\/2026\/03\/fiore.png 1000w, https:\/\/glendasburelin.com\/wp-content\/uploads\/2026\/03\/fiore-300x300.png 300w, https:\/\/glendasburelin.com\/wp-content\/uploads\/2026\/03\/fiore-150x150.png 150w, https:\/\/glendasburelin.com\/wp-content\/uploads\/2026\/03\/fiore-768x768.png 768w\" sizes=\"auto, (max-width: 1000px) 100vw, 1000px\" \/><\/figure>\n<\/div>\n<\/div>\n\n\n\n<figure class=\"wp-block-image aligncenter size-thumbnail is-resized fade reveal-right delay-03\"><img loading=\"lazy\" decoding=\"async\" width=\"150\" height=\"150\" src=\"https:\/\/glendasburelin.com\/wp-content\/uploads\/2026\/03\/esserino4-1-150x150.png\" alt=\"\" class=\"wp-image-168\" style=\"width:192px;height:auto\" srcset=\"https:\/\/glendasburelin.com\/wp-content\/uploads\/2026\/03\/esserino4-1-150x150.png 150w, https:\/\/glendasburelin.com\/wp-content\/uploads\/2026\/03\/esserino4-1-300x300.png 300w, https:\/\/glendasburelin.com\/wp-content\/uploads\/2026\/03\/esserino4-1-768x768.png 768w, https:\/\/glendasburelin.com\/wp-content\/uploads\/2026\/03\/esserino4-1.png 1000w\" sizes=\"auto, (max-width: 150px) 100vw, 150px\" \/><\/figure>\n\n\n\n<div style=\"height:19px\" aria-hidden=\"true\" class=\"wp-block-spacer\"><\/div>\n\n\n\n<div class=\"wp-block-group fade has-white-background-color has-background is-layout-constrained wp-block-group-is-layout-constrained\">\n<p>Sono nata nel 1972, ho svolto studi di grafica pubblicitaria e fotografia. La passione per il disegno mi ha avvicinato al mondo dell\u2019illustrazione editoriale per bambini, contando circa una cinquantina di pubblicazioni con Editori italiani, europei ed extraeuropei.<br>Parallelamente ho coltivato un vivo interesse per la ricerca artistica, utilizzando varie tecniche che spaziano dalla pittura, alla ceramica, alla resina.<\/p>\n\n\n\n<p>Oltre alle numerose Mostre di Illustrazione, ho esposto in Collettive e Personali d\u2019Arte Contemporanea e di libri d\u2019artista, in Italia e all\u2019estero.<br>Ho ricevuto numerosi riconoscimenti, tra i pi\u00f9 significativi il \u201cMerit award\u201d al 19<sup>th<\/sup> e 20<sup>th<\/sup> \u201c<em>3&#215;3 International illustration show\u201d;<\/em> il \u201cBest of the best\u201d per il libro \u201c\u00c9coute\u201d (Balivernes \u00e9ditions FR, di Paola Franceschini) e il \u201cMerit award\u201d per il libro \u201cWhere are you going, butterfly?\u201d (Reycraft Books US, di Hunter Liguore) all\u2019<em>11<sup>th<\/sup> Hiii illustration International Competition<\/em>; selezione alla Mostra <em>\u201cThe original art 2024\u201d<\/em> alla Society of Illustrators di New York.<\/p>\n\n\n\n<p>Le Esposizioni di illustrazione pi\u00f9 significative comprendono la <em>\u201cMostra illustratori della Fiera del libro per ragazzi di Bologna\u201d<\/em> (2000; 2008; 2009; 2010; finalista 2024 e 2025), la Biennale portoghese <em>\u201cIlustrarte3\u201d<\/em> e <em>\u201cIlustrarte4\u201d,<\/em> <em>\u201cLe Immagini della Fantasia\u201d<\/em> Mostra internazionale dell\u2019illustrazione di Sarmede (IT).<br>Nel 2009 l\u2019<em>\u201c8th IBBY Regional Conference\u201d<\/em> della Northwestern University di Chicago, ha selezionato le mie opere tra i 23 migliori illustratori della <em>\u201cMostra illustratori 2009\u201d<\/em> della Fiera del Libro per ragazzi Bologna.<\/p>\n\n\n\n<p>L\u2019anno successivo sar\u00e0 la rivista <em>\u201cdpi\u201d<\/em> a includermi tra i 12 migliori illustratori della kermesse Bolognese, esponendo le mie opere in due mostre in Taiwan: <em>\u201cIn Fingers, Extra Space\u201d<\/em> (Creative Park for Taipei toy Festival, Taipei) e <em>\u201cImaginary Fairy Wonderland \u2013 dpi International Group Exhibition\u201d<\/em> (Kaohsiung City).<br>Nel 2012 il Centro Iniziative Culturali Casa A. Zanussi di Pordenone acquisisce alcune opere per la <em>\u201cCollezione Concordia 7\u201d,<\/em> dopo l\u2019esposizione del 2010 nella Mostra <em>\u201cSentieri illustrati\u201d.<\/em><em><\/em><\/p>\n\n\n\n<p>Nel 2018 l\u2019Estonian Children&#8217;s Literature Centre di Tallinn (Estonia) mi invita ad esporre le mie opere in una Mostra Personale curata da Viive Noor, poi itinerante presso altri importanti Centri Culturali di Letteratura Estone: Centre di Tapa, Centre di Haapsalu, Centre di Kuressaare Island Saaremaa, Naive Art Museum di Viljandi (Kondase Keskus).<\/p>\n\n\n\n<p>Nel 2020 ho preso parte della giuria del <em>\u201cBIA Award\u201d,<\/em> istituito dal magazine <em>\u201cBrightness<\/em>\u201d dedicato all&#8217;illustrazione e nel 2023 della <em>\u201cVII Triennale di Illustrazione di Tallinn \u2013 Power of Picture 2023\u201d.<\/em><\/p>\n\n\n\n<p>Ho tenuto corsi alla <em>Scuola Internazionale di illustrazione \u0160t\u011bp\u00e1n Zav\u0159el<\/em> di Sarmede e allo <em>Spazio Cam<\/em> di Bergamo.<\/p>\n<\/div>\n\n\n\n<div style=\"height:5vw\" aria-hidden=\"true\" class=\"wp-block-spacer\"><\/div>\n\n\n\n<div class=\"wp-block-group is-layout-constrained wp-block-group-is-layout-constrained\">\n<h2 class=\"wp-block-heading has-text-align-center has-link-color-hover-color has-text-color has-link-color wp-elements-5cc4440eb63a8697b09c82f80b53b708\">Mostre e Premi<\/h2>\n\n\n\n<ul class=\"wp-block-list\">\n<li><strong>1998 |&nbsp;<\/strong><strong>Sulle Ali delle farfalle.<\/strong>&nbsp;Concorso per albo illustrato, &#8220;3\u00b0 Premio&#8221;, Bordano (IT)<\/li>\n\n\n\n<li><strong>1998 |&nbsp;<\/strong><strong>Scarpetta d\u2019oro.<\/strong>&nbsp;Mostra di Illustrazione, &#8220;2\u00b0 Premio&#8221;, Vigonovo (IT)<\/li>\n\n\n\n<li><strong>1998 |&nbsp;<\/strong><strong>725\u00b0 sagra dei Osei.<\/strong>&nbsp;&#8220;1\u00b0 Premio&#8221; Manifesto, Sacile (IT)<\/li>\n\n\n\n<li><strong>1998 |&nbsp;<\/strong><strong>Pinocchio incontra gli illustratori.<\/strong>&nbsp;Mostra di Illustrazione, Muzzana (IT)<\/li>\n\n\n\n<li><strong>1999 |<\/strong><strong>&nbsp;Scarpetta d\u2019oro, exhibition of illustration.<\/strong>&nbsp;Mostra di Illustrazione, &#8220;1\u00b0 Premio&#8221; (IT)<\/li>\n\n\n\n<li><strong>1999 |<\/strong><strong>&nbsp;Fantasilandia. Mediterraneo: gli illustratori incontrano il mare.<\/strong>&nbsp;Mostra di Illustrazione, Bari (IT)<\/li>\n\n\n\n<li><strong>2000 |<\/strong><strong>&nbsp;Sulle Ali delle farfalle.<\/strong>&nbsp;Concorso per albo illustrato, &#8220;3\u00b0 Premio&#8221;, Bordano (IT)<\/li>\n\n\n\n<li><strong>2000 | 2008 | 2009 | 2010 |<\/strong><strong>&nbsp;Mostra degli illustratori, Fiera del libro per ragazzi di Bologna<\/strong>, (IT)<\/li>\n\n\n\n<li><strong>2002 |<\/strong><strong>&nbsp;Sulle Ali delle farfalle.<\/strong>&nbsp;Concorso per un albo illustrato Premio &#8220;Miglior esecuzione tecnica&#8221;, Bordano (IT)<\/li>\n\n\n\n<li><strong>2002 |<\/strong><strong>&nbsp;Pulcinella chi legge.<\/strong>&nbsp;Mostra di illustratori itinerante, (IT)<\/li>\n\n\n\n<li><strong>2002 |<\/strong><strong>&nbsp;Bertoldo e Bertoldino<\/strong>. Mostra di illustratori dedicata al personaggio di G. C. Croce, San Giovanni in Persiceto (IT)<\/li>\n\n\n\n<li><strong>2002 |<\/strong><strong>&nbsp;Libriamoci.<\/strong>&nbsp;Mostra di illustratori, Macerata (IT)<\/li>\n\n\n\n<li><strong>2002 | 2006 |<\/strong><strong>&nbsp;Le immagini della fantasia.<\/strong>&nbsp;Mostra int. di illustrazione per l\u2019infanzia di Sarmede (TV), fondata da Steph\u00e1n Zavrel, come artista selezionata (IT)<\/li>\n\n\n\n<li><strong>2003 |<\/strong><strong>&nbsp;400 volte Pulcinella.<\/strong>&nbsp;Mostra di illustratori, collezione privata, Torino (IT)<\/li>\n\n\n\n<li><strong>2003 |<\/strong><strong>&nbsp;Le stelle nascoste.<\/strong>&nbsp;Mostra di illustratori, Osservatorio dell\u2019immaginario, Torino (IT)<\/li>\n\n\n\n<li><strong>2004 |<\/strong><strong>&nbsp;Sulle ali delle farfalle.<\/strong>&nbsp;Concorso per un albo illustrato Premio Speciale &#8220;Miglior qualit\u00e0 delle illustrazioni&#8221;, Bordano (IT)<\/li>\n\n\n\n<li><strong>2004 |<\/strong><strong>&nbsp;Fogli di primavera.<\/strong>&nbsp;Mostra di illustratori Festival del libro, Castelfiorentino (IT)<\/li>\n\n\n\n<li><strong>2004 |<\/strong><strong>&nbsp;Mostri, Miti e Misteri: Illustrissimi.<\/strong>&nbsp;Mostra di illustratori, Riccione (IT)<\/li>\n\n\n\n<li><strong>2004 | 2005 | 2006 | 2007 | 2008 | 2009 |<\/strong><strong>&nbsp;La luna \u00e8 azzurra.<\/strong>&nbsp;Manifesto per il Festival Internazionale di Figura, San Miniato (IT)<\/li>\n\n\n\n<li><strong>2005 |<\/strong><strong>&nbsp;Sirenette di carta e soldatini d\u2019inchiostro.<\/strong>&nbsp;Mostra di illustrazione per il 2\u00b0 centenario della nascita di Andersen, BCBF, itinerante (IT)<\/li>\n\n\n\n<li><strong>2006 |<\/strong><strong>&nbsp;Antichi Incanti.<\/strong>&nbsp;Mostra di illustrazione dedicata ai fratelli Grimm, Fiera del libro per ragazzi di Bologna e itinerante (IT)<\/li>\n\n\n\n<li><strong>2006 |<\/strong><strong>&nbsp;Sulle Ali delle farfalle.<\/strong>&nbsp;Mostra di illustratori per il decennale del premio, Bordano (IT)<\/li>\n\n\n\n<li><strong>2007 |<\/strong><strong>&nbsp;Terra: Illustrissimi.<\/strong>&nbsp;Mostra di illustratori, Riccione (IT)<\/li>\n\n\n\n<li><strong>2007 |<\/strong><strong>&nbsp;Ilustrarte 3, Biennial of Illustration.<\/strong>&nbsp;Biennale di illustrazione, Barreiro (PT)<\/li>\n\n\n\n<li><strong>2009 |<\/strong><strong>&nbsp;8th IBBY Regional Conference, Northwestern University: Best of Bologna: Edgiest Artists of the 2008 International Children&#8217;s Book Fair.<\/strong>&nbsp;Northwestern&#8217;s Deering Library, Chicago (USA), 23 migliori illustratori selezionati alla mostra degli illustratori di Bologna<\/li>\n\n\n\n<li><strong>2008 | 2009 |<\/strong><strong>&nbsp;Storie colorate IV, Mostra Personale d\u2019Arte e Illustrazione \u2013 FIABE IN SCATOLA,&nbsp;<\/strong>Bannia di Fiume Veneto (IT)<\/li>\n\n\n\n<li><strong>2009 |<\/strong><strong>&nbsp;Blue Book Group.<\/strong>&nbsp;mostra internazionale di illustrazione. Iran, Emirati Arabi, Giappone e Paesi Europei<\/li>\n\n\n\n<li><strong>2009 |<\/strong><strong>&nbsp;Le immagini della fantasia.<\/strong>&nbsp;Mostra internazionale dell\u2019illustrazione per l\u2019infanzia, come artista presente nell\u2019annuario. Sarmede (IT)<\/li>\n\n\n\n<li><strong>2009 |<\/strong><strong>&nbsp;I colori del Sacro.<\/strong>&nbsp;. Mostra di illustratori, Museo Diocesano, Padova (IT)<\/li>\n\n\n\n<li><strong>2009 |<\/strong><strong>&nbsp;Ilustrarte 4, Biennial of Illustration.<\/strong>&nbsp;Biennale di illustrazione Barreiro (PT)<\/li>\n\n\n\n<li><strong>2010 |<\/strong><strong>&nbsp;Fingers, Extra Space.<\/strong>&nbsp;<em>dpi<\/em>&nbsp;International Group Exhibition, Creative Park for Taipei Toy Festival (Taipei, Taiwan), mostra di 12 migliori illustratori della Fiera del libro per ragazzi di Bologna(TWN)<\/li>\n\n\n\n<li><strong>2010 |<\/strong><strong>&nbsp;Imaginary Fairy Wonderland.<\/strong>&nbsp;<em>dpi<\/em>&nbsp;International Group Exhibition, mostra di 12 migliori illustratori della BCBF, Kaohsiung City, (TWN)<\/li>\n\n\n\n<li><strong>2010 |<\/strong><strong>&nbsp;Sentieri illustrati.<\/strong>&nbsp;, Mostra personale di illustrazioni e ceramiche, laboratori didattici, Centro Iniziative Culturali A. Zanussi, Pordenone (IT)<\/li>\n\n\n\n<li><strong>2012 |<\/strong><strong>&nbsp;Concordia Collection 7.<\/strong>&nbsp;Mostra delle opere della Fondazione Concordia 7, Centro Iniziative Culturali&nbsp;A. Zanussi, Pordenone (IT)<\/li>\n\n\n\n<li><strong>2016 |<\/strong>&nbsp;<strong>I colori del Sacro.<\/strong>&nbsp;Mostra di illustratori, Museo Diocesano, Padova (IT)<\/li>\n\n\n\n<li><strong>2017 |<\/strong><strong>&nbsp;Assaggi ad Arte.<\/strong>&nbsp;Mostra Personale di illustrazione, a cura di Chiara Tavella e Elisabetta Di Sopra, Caff\u00e8 Letterario di Villa Varda, Brugnera (IT)<\/li>\n\n\n\n<li><strong>2017 |<\/strong><strong>&nbsp;Le forme della bellezza. La Puglia racconta.<\/strong>&nbsp;La Puglia racconta. Mostra collettiva di illustrazione, Trani (IT)<\/li>\n\n\n\n<li><strong>2017 |<\/strong><strong>&nbsp;The Power of Pictures.<\/strong>&nbsp;\u201d, V Triennale di Illustrazione, Mostra di illustrazione, Tallinn (EE)<\/li>\n\n\n\n<li><strong>2018 |<\/strong><strong>&nbsp;Crafts on the hill.<\/strong>&nbsp;Mostra personale delle illustrazioni del Silent book \u201cStoria di un sogno\u201d Agaworld-Montessori Publisher, Seul (SK)<\/li>\n\n\n\n<li><strong>2018 |<\/strong>&nbsp;<strong>Imaginaria.&nbsp;Festival Internazionale di animazione d\u2019autore<\/strong>, Esposizione Personale di illustrazione, con Nicoletta Ceccoli e Barbara Canepa, Conversano (IT)<\/li>\n\n\n\n<li><strong>2018 |<\/strong>&nbsp;<strong>Sentieri Illustrati.<\/strong>&nbsp;Mostra internazionale di illustrazione per l\u2019infanzia. Galleria Sagittaria. Pordenone (IT)<\/li>\n\n\n\n<li><strong>2018 |<\/strong>&nbsp;<strong>Mostra Personale di Illustrazione<\/strong>,&nbsp;Estonian Children&#8217;s Literature Centre di Tallinn; Tapa; Estonian Children&#8217;s Literature Centre di Haapsalu; Estonian Children&#8217;s Literature Centre di Kuressaare Island Saaremaa; Naive Art Museum di Viljandi (Kondase Keskus), (EE)<\/li>\n\n\n\n<li><strong>2018 |<\/strong>&nbsp;<strong>Femminismi Manifesti.<\/strong>&nbsp;Mostra collettiva itinerante 28 Manifesti Femministi storici rielaborati da artiste contemporanee, Vicenza (IT)<\/li>\n\n\n\n<li><strong>2019 | XXVII Festival di Musica Sacra \u2013 Dialoghi di Pace.<\/strong> Mostra Personale di illustrazione e laboratorio didattico presso la scuola dell\u2019infanzia Mariele Ventre di Palse (Pordenone)<\/li>\n\n\n\n<li><strong>2019 |<\/strong>&nbsp;<strong>Illustratrici sulle orme di Leonardo.&nbsp;<\/strong>Collettiva d&#8217;Arte e Illustrazione, a cura di Silvia Pignat e Centro Culturale A. Zanussi di Pordenone, Villa Frova, Caneva (IT)<\/li>\n\n\n\n<li><strong>2019 |<\/strong>&nbsp;<strong>1\u00b0 Festival di Illustrazione di Budapest.<\/strong>&nbsp;Illustration Exhibition Festival, Budapest (H)<\/li>\n\n\n\n<li><strong>2019 |<\/strong><strong>&nbsp;Braga em Risco 2019.<\/strong>&nbsp;IV edizione del Festival di Illustrazione, Braga (PT)<\/li>\n\n\n\n<li><strong>2020 |&nbsp;The Power of Pictures.<\/strong>&nbsp;VI Triennale di Illustrazione, Mostra di illustrazione, Tallinn (EE)<\/li>\n\n\n\n<li><strong>2022 |<\/strong>&nbsp;<strong>Fox spirit. Fox Charm.<\/strong>&nbsp;Mostra di illustrazione, a cura di Viive Noor, Galleria d\u2019Arte del Centro culturale di letteratura estone, Tallinn (EE)<\/li>\n\n\n\n<li><strong>2022 | 3&#215;3 international illustration show no. 19, <\/strong>selezione con merito,New York<\/li>\n\n\n\n<li><strong>2023 | 3&#215;3 international illustration show no. 20, <\/strong>selezione con merito,New York<\/li>\n\n\n\n<li><strong>2023 |<\/strong><strong>&nbsp;Alle radici delle feste,<\/strong>&nbsp;Museo Etnografico di Palazzo Veneziano, Malborghetto, a cura di Sabrina Zannier<\/li>\n\n\n\n<li><strong>2023 |<\/strong><strong>&nbsp;Ascolta.<\/strong>&nbsp;Mostra personale delle illustrazioni del libro &#8220;\u00c9coute&#8221;, Balivernes \u00e9ditions, Francia 2023. Sala Esposizioni &#8211; Biblioteca civica di Pordenone<\/li>\n\n\n\n<li><strong>2024 | 11<sup>th<\/sup> Hiii illustration International Competition, <\/strong>\u201cMerit award\u201d del libro <em>\u201cWhere are you going butterfly\u201d<\/em>, Cina<\/li>\n\n\n\n<li><strong>2024 | 11<sup>th<\/sup> Hiii illustration International Competition, <\/strong>\u201cBest of the best award\u201d del libro <em>\u201c\u00c9coute\u201d<\/em>, Cina<\/li>\n\n\n\n<li><strong>2024 |<\/strong><strong>&nbsp;The Original Art,<\/strong>&nbsp;Society of illustrators, New York<\/li>\n\n\n\n<li><strong>2024 | Pordenonelegge 25, <\/strong>presentazione dell\u2019albo illustrato <em>\u201cChiare, fresche et dolci acque. Petrarca racconta il Canzoniere\u201d<\/em>, con l\u2019autore Daniele Aristarco<\/li>\n\n\n\n<li><strong>2024 | Finalista alla Mostra degli illustratori, <\/strong>Fiera del libro per ragazzi di Bologna, con le illustrazioni del libro <em>\u201c\u00c9coute\u201d<\/em>, di Paola Franceschini<\/li>\n\n\n\n<li><strong>2025 | Finalista alla Mostra degli illustratori, <\/strong>Fiera del libro per ragazzi di Bologna, con le illustrazioni del libro <em>\u201cWhere are you going, butterfly?\u201d<\/em> di Hunter Liguore<\/li>\n<\/ul>\n<\/div>\n\n\n\n<div style=\"height:5vw\" aria-hidden=\"true\" class=\"wp-block-spacer\"><\/div>\n\n\n\n<p><\/p>\n","protected":false},"excerpt":{"rendered":"<p>Sono nata nel 1972, ho svolto studi di grafica pubblicitaria e fotografia. La passione per il disegno mi ha avvicinato al mondo dell\u2019illustrazione editoriale per bambini, contando circa una cinquantina di pubblicazioni con Editori italiani, europei ed extraeuropei.Parallelamente ho coltivato un vivo interesse per la ricerca artistica, utilizzando varie tecniche che spaziano dalla pittura, alla [&hellip;]<\/p>\n","protected":false},"author":1,"featured_media":0,"parent":0,"menu_order":0,"comment_status":"closed","ping_status":"closed","template":"page-templates\/align-wide-fix.php","meta":{"footnotes":""},"class_list":["post-39","page","type-page","status-publish","hentry"],"_links":{"self":[{"href":"https:\/\/glendasburelin.com\/index.php\/wp-json\/wp\/v2\/pages\/39","targetHints":{"allow":["GET"]}}],"collection":[{"href":"https:\/\/glendasburelin.com\/index.php\/wp-json\/wp\/v2\/pages"}],"about":[{"href":"https:\/\/glendasburelin.com\/index.php\/wp-json\/wp\/v2\/types\/page"}],"author":[{"embeddable":true,"href":"https:\/\/glendasburelin.com\/index.php\/wp-json\/wp\/v2\/users\/1"}],"replies":[{"embeddable":true,"href":"https:\/\/glendasburelin.com\/index.php\/wp-json\/wp\/v2\/comments?post=39"}],"version-history":[{"count":47,"href":"https:\/\/glendasburelin.com\/index.php\/wp-json\/wp\/v2\/pages\/39\/revisions"}],"predecessor-version":[{"id":538,"href":"https:\/\/glendasburelin.com\/index.php\/wp-json\/wp\/v2\/pages\/39\/revisions\/538"}],"wp:attachment":[{"href":"https:\/\/glendasburelin.com\/index.php\/wp-json\/wp\/v2\/media?parent=39"}],"curies":[{"name":"wp","href":"https:\/\/api.w.org\/{rel}","templated":true}]}}